{"id":7449,"date":"2020-05-07T16:31:40","date_gmt":"2020-05-07T14:31:40","guid":{"rendered":"http:\/\/art.aquabit.com\/art\/?page_id=7449"},"modified":"2024-10-24T23:17:49","modified_gmt":"2024-10-24T21:17:49","slug":"kontakt","status":"publish","type":"page","link":"https:\/\/art.aquabit.com\/de\/kontakt\/","title":{"rendered":"Kontakt"},"content":{"rendered":"<p>[et_pb_section fb_built=&#8220;1&#8243; _builder_version=&#8220;4.16&#8243; min_height=&#8220;159px&#8220; custom_padding=&#8220;||9px|||&#8220; da_disable_devices=&#8220;off|off|off&#8220; locked=&#8220;off&#8220; collapsed=&#8220;off&#8220; global_colors_info=&#8220;{}&#8220; theme_builder_area=&#8220;post_content&#8220; da_is_popup=&#8220;off&#8220; da_exit_intent=&#8220;off&#8220; da_has_close=&#8220;on&#8220; da_alt_close=&#8220;off&#8220; da_dark_close=&#8220;off&#8220; da_not_modal=&#8220;on&#8220; da_is_singular=&#8220;off&#8220; da_with_loader=&#8220;off&#8220; da_has_shadow=&#8220;on&#8220;][et_pb_row column_structure=&#8220;1_2,1_2&#8243; module_class=&#8220; et_pb_row_fullwidth&#8220; _builder_version=&#8220;4.16&#8243; width=&#8220;90%&#8220; max_width=&#8220;2560px&#8220; module_alignment=&#8220;center&#8220; custom_margin=&#8220;0px|0px|0px|0px|true|true&#8220; custom_padding=&#8220;40px|0px|0px|0px|false|true&#8220; locked=&#8220;off&#8220; global_colors_info=&#8220;{}&#8220; theme_builder_area=&#8220;post_content&#8220;][et_pb_column type=&#8220;1_2&#8243; _builder_version=&#8220;4.16&#8243; global_colors_info=&#8220;{}&#8220; theme_builder_area=&#8220;post_content&#8220;][et_pb_text admin_label=&#8220;Kontakt&#8220; _builder_version=&#8220;4.16&#8243; header_font_size=&#8220;20px&#8220; min_height=&#8220;9px&#8220; custom_margin=&#8220;||-4px|||&#8220; custom_padding=&#8220;11px||0px|||&#8220; global_colors_info=&#8220;{}&#8220; theme_builder_area=&#8220;post_content&#8220;]                  <\/p>\n<h1>Kontakt<\/h1>\n<p>[\/et_pb_text][et_pb_text _builder_version=&#8220;4.16&#8243; text_font=&#8220;|600|||||||&#8220; header_font_size=&#8220;13px&#8220; width=&#8220;100%&#8220; min_height=&#8220;9px&#8220; custom_margin=&#8220;||-4px|||&#8220; custom_padding=&#8220;0px||12px|||&#8220; global_colors_info=&#8220;{}&#8220; theme_builder_area=&#8220;post_content&#8220;]                  <\/p>\n<p>aquabitArt Galerie<br \/>by Irina Ilieva<br \/>Auguststrasse 35, 10119 Berlin<br \/>tel: +49(0)30 260 364 77<br \/>email: art(at)aquabit.com<br \/>internet: www.art.aquabit.com<\/p>\n<p>Abonnieren Sie unseren Newsletter: newsletter(at)art.aquabit.com<\/p>\n<\/p>\n<p>[\/et_pb_text][et_pb_text admin_label=&#8220;privacy policy&#8220; _builder_version=&#8220;4.16&#8243; header_font_size=&#8220;20px&#8220; min_height=&#8220;9px&#8220; custom_margin=&#8220;||40px|||&#8220; custom_padding=&#8220;11px||0px|||&#8220; global_colors_info=&#8220;{}&#8220; theme_builder_area=&#8220;post_content&#8220;]<\/p>\n<p><a href=\"https:\/\/art.aquabit.com\/de\/datenschutzerklaerung\/\" target=\"_blank\" rel=\"noopener noreferrer\" title=\"\u203a UNSERE DATENSCHUTZERKL\u00c4RUNG\">\u203a UNSERE DATENSCHUTZERKL\u00c4RUNG<\/a><\/p>\n<p>[\/et_pb_text][\/et_pb_column][et_pb_column type=&#8220;1_2&#8243; _builder_version=&#8220;4.16&#8243; global_colors_info=&#8220;{}&#8220; theme_builder_area=&#8220;post_content&#8220;][et_pb_image src=&#8220;https:\/\/art.aquabit.com\/wp-content\/uploads\/2020\/07\/map-aquabitArt-exp.jpg&#8220; _builder_version=&#8220;4.16&#8243; global_colors_info=&#8220;{}&#8220; theme_builder_area=&#8220;post_content&#8220;][\/et_pb_image][\/et_pb_column][\/et_pb_row][\/et_pb_section][et_pb_section fb_built=&#8220;1&#8243; _builder_version=&#8220;4.16&#8243; min_height=&#8220;159px&#8220; custom_padding=&#8220;||9px|||&#8220; da_disable_devices=&#8220;off|off|off&#8220; locked=&#8220;off&#8220; collapsed=&#8220;off&#8220; global_colors_info=&#8220;{}&#8220; theme_builder_area=&#8220;post_content&#8220; da_is_popup=&#8220;off&#8220; da_exit_intent=&#8220;off&#8220; da_has_close=&#8220;on&#8220; da_alt_close=&#8220;off&#8220; da_dark_close=&#8220;off&#8220; da_not_modal=&#8220;on&#8220; da_is_singular=&#8220;off&#8220; da_with_loader=&#8220;off&#8220; da_has_shadow=&#8220;on&#8220;][et_pb_row module_class=&#8220;  et_pb_row_fullwidth&#8220; _builder_version=&#8220;4.16&#8243; width=&#8220;90%&#8220; max_width=&#8220;2560px&#8220; module_alignment=&#8220;center&#8220; custom_margin=&#8220;0px|0px|0px|0px|true|true&#8220; custom_padding=&#8220;45px|0px|0px|0px|false|true&#8220; locked=&#8220;off&#8220; global_colors_info=&#8220;{}&#8220; theme_builder_area=&#8220;post_content&#8220;][et_pb_column type=&#8220;4_4&#8243; _builder_version=&#8220;4.16&#8243; global_colors_info=&#8220;{}&#8220; theme_builder_area=&#8220;post_content&#8220;][et_pb_text _builder_version=&#8220;4.16&#8243; text_font=&#8220;|600|||||||&#8220; header_font_size=&#8220;13px&#8220; width=&#8220;100%&#8220; min_height=&#8220;9px&#8220; custom_margin=&#8220;||-4px|||&#8220; custom_padding=&#8220;0px||12px|||&#8220; global_colors_info=&#8220;{}&#8220; theme_builder_area=&#8220;post_content&#8220;]                  <\/p>\n<p>Schreiben Sie uns!<br \/>*Bitte ausf\u00fcllen<\/p>\n<p>[\/et_pb_text][et_pb_contact_form use_spam_service=&#8220;on&#8220; recaptcha_min_score=&#8220;0.9&#8243; email=&#8220;art@aquabit.com&#8220; custom_message=&#8220;You have a new message from||et_pb_line_break_holder||Name: %%Name%%  ||et_pb_line_break_holder||E-Mail: %%Email%%  ||et_pb_line_break_holder||Phone: %%Phone%%  ||et_pb_line_break_holder||Subject:  %%Subject%%||et_pb_line_break_holder||Message:  %%Message%%||et_pb_line_break_holder||I accept the %%Privacy%% of gallery aquabitart||et_pb_line_break_holder||&#8220; success_message=&#8220;Vielen Dank f\u00fcr Ihre Nachricht! Wir werden uns bald bei Ihnen melden.&#8220; submit_button_text=&#8220;SENDEN&#8220; _builder_version=&#8220;4.16&#8243; _unique_id=&#8220;b50a8c8b-e569-4cd9-ab3b-825fa9a3e1f7&#8243; form_field_background_color=&#8220;#87cefa&#8220; form_field_text_color=&#8220;#000000&#8243; form_field_focus_background_color=&#8220;rgba(135,206,250,0.65)&#8220; form_field_custom_margin=&#8220;||||false|false&#8220; form_field_custom_padding=&#8220;||||false|false&#8220; title_font=&#8220;|||on|||||&#8220; title_text_align=&#8220;left&#8220; title_text_color=&#8220;#000000&#8243; title_font_size=&#8220;15px&#8220; title_letter_spacing=&#8220;1px&#8220; captcha_font=&#8220;|600||on|||||&#8220; captcha_text_color=&#8220;#000000&#8243; captcha_font_size=&#8220;13px&#8220; captcha_letter_spacing=&#8220;1px&#8220; form_field_font_size=&#8220;13px&#8220; form_field_letter_spacing=&#8220;1px&#8220; custom_button=&#8220;on&#8220; button_text_size=&#8220;13px&#8220; button_text_color=&#8220;#000000&#8243; button_border_width=&#8220;10px&#8220; button_border_color=&#8220;#87cefa&#8220; button_border_radius=&#8220;54px&#8220; button_font=&#8220;|600||on|||||&#8220; button_use_icon=&#8220;off&#8220; button_custom_margin=&#8220;20px||20px|60vw|true|false&#8220; button_custom_padding=&#8220;|50px||50px|false|false&#8220; text_orientation=&#8220;left&#8220; custom_css_captcha_field=&#8220;max-width: 300px!important;&#8220; global_colors_info=&#8220;{}&#8220; button_border_radius__hover_enabled=&#8220;on|desktop&#8220; button_border_radius__hover=&#8220;0px&#8220; theme_builder_area=&#8220;post_content&#8220;][et_pb_contact_field field_id=&#8220;Name&#8220; field_title=&#8220;*NAME&#8220; fullwidth_field=&#8220;on&#8220; _builder_version=&#8220;4.16&#8243; form_field_background_color=&#8220;#87cefa&#8220; form_field_text_color=&#8220;#ffffff&#8220; form_field_focus_background_color=&#8220;rgba(135,206,250,0.65)&#8220; form_field_focus_text_color=&#8220;#000000&#8243; form_field_font=&#8220;|700|||||||&#8220; form_field_text_align=&#8220;left&#8220; form_field_font_size=&#8220;13px&#8220; form_field_letter_spacing=&#8220;1px&#8220; text_orientation=&#8220;left&#8220; max_width=&#8220;50%&#8220; global_colors_info=&#8220;{}&#8220; button_text_size__hover_enabled=&#8220;off&#8220; button_one_text_size__hover_enabled=&#8220;off&#8220; button_two_text_size__hover_enabled=&#8220;off&#8220; button_text_color__hover_enabled=&#8220;off&#8220; button_one_text_color__hover_enabled=&#8220;off&#8220; button_two_text_color__hover_enabled=&#8220;off&#8220; button_border_width__hover_enabled=&#8220;off&#8220; button_one_border_width__hover_enabled=&#8220;off&#8220; button_two_border_width__hover_enabled=&#8220;off&#8220; button_border_color__hover_enabled=&#8220;off&#8220; button_one_border_color__hover_enabled=&#8220;off&#8220; button_two_border_color__hover_enabled=&#8220;off&#8220; button_border_radius__hover_enabled=&#8220;off&#8220; button_one_border_radius__hover_enabled=&#8220;off&#8220; button_two_border_radius__hover_enabled=&#8220;off&#8220; button_letter_spacing__hover_enabled=&#8220;off&#8220; button_one_letter_spacing__hover_enabled=&#8220;off&#8220; button_two_letter_spacing__hover_enabled=&#8220;off&#8220; button_bg_color__hover_enabled=&#8220;off&#8220; button_one_bg_color__hover_enabled=&#8220;off&#8220; button_two_bg_color__hover_enabled=&#8220;off&#8220; theme_builder_area=&#8220;post_content&#8220;][\/et_pb_contact_field][et_pb_contact_field field_id=&#8220;Email&#8220; field_title=&#8220;*EMAIL&#8220; field_type=&#8220;email&#8220; fullwidth_field=&#8220;on&#8220; _builder_version=&#8220;4.16&#8243; form_field_background_color=&#8220;#87cefa&#8220; form_field_text_color=&#8220;#ffffff&#8220; form_field_focus_background_color=&#8220;rgba(135,206,250,0.65)&#8220; form_field_focus_text_color=&#8220;#000000&#8243; form_field_font=&#8220;|700|||||||&#8220; form_field_text_align=&#8220;left&#8220; form_field_font_size=&#8220;13px&#8220; form_field_letter_spacing=&#8220;1px&#8220; text_orientation=&#8220;left&#8220; max_width=&#8220;50%&#8220; global_colors_info=&#8220;{}&#8220; button_text_size__hover_enabled=&#8220;off&#8220; button_one_text_size__hover_enabled=&#8220;off&#8220; button_two_text_size__hover_enabled=&#8220;off&#8220; button_text_color__hover_enabled=&#8220;off&#8220; button_one_text_color__hover_enabled=&#8220;off&#8220; button_two_text_color__hover_enabled=&#8220;off&#8220; button_border_width__hover_enabled=&#8220;off&#8220; button_one_border_width__hover_enabled=&#8220;off&#8220; button_two_border_width__hover_enabled=&#8220;off&#8220; button_border_color__hover_enabled=&#8220;off&#8220; button_one_border_color__hover_enabled=&#8220;off&#8220; button_two_border_color__hover_enabled=&#8220;off&#8220; button_border_radius__hover_enabled=&#8220;off&#8220; button_one_border_radius__hover_enabled=&#8220;off&#8220; button_two_border_radius__hover_enabled=&#8220;off&#8220; button_letter_spacing__hover_enabled=&#8220;off&#8220; button_one_letter_spacing__hover_enabled=&#8220;off&#8220; button_two_letter_spacing__hover_enabled=&#8220;off&#8220; button_bg_color__hover_enabled=&#8220;off&#8220; button_one_bg_color__hover_enabled=&#8220;off&#8220; button_two_bg_color__hover_enabled=&#8220;off&#8220; theme_builder_area=&#8220;post_content&#8220;][\/et_pb_contact_field][et_pb_contact_field field_id=&#8220;Phone&#8220; field_title=&#8220;TELEFON&#8220; required_mark=&#8220;off&#8220; fullwidth_field=&#8220;on&#8220; _builder_version=&#8220;4.16&#8243; form_field_background_color=&#8220;#87cefa&#8220; form_field_text_color=&#8220;#ffffff&#8220; form_field_focus_background_color=&#8220;rgba(135,206,250,0.65)&#8220; form_field_focus_text_color=&#8220;#000000&#8243; form_field_font=&#8220;|700|||||||&#8220; form_field_text_align=&#8220;left&#8220; form_field_font_size=&#8220;13px&#8220; form_field_letter_spacing=&#8220;1px&#8220; text_orientation=&#8220;left&#8220; max_width=&#8220;50%&#8220; global_colors_info=&#8220;{}&#8220; button_text_size__hover_enabled=&#8220;off&#8220; button_one_text_size__hover_enabled=&#8220;off&#8220; button_two_text_size__hover_enabled=&#8220;off&#8220; button_text_color__hover_enabled=&#8220;off&#8220; button_one_text_color__hover_enabled=&#8220;off&#8220; button_two_text_color__hover_enabled=&#8220;off&#8220; button_border_width__hover_enabled=&#8220;off&#8220; button_one_border_width__hover_enabled=&#8220;off&#8220; button_two_border_width__hover_enabled=&#8220;off&#8220; button_border_color__hover_enabled=&#8220;off&#8220; button_one_border_color__hover_enabled=&#8220;off&#8220; button_two_border_color__hover_enabled=&#8220;off&#8220; button_border_radius__hover_enabled=&#8220;off&#8220; button_one_border_radius__hover_enabled=&#8220;off&#8220; button_two_border_radius__hover_enabled=&#8220;off&#8220; button_letter_spacing__hover_enabled=&#8220;off&#8220; button_one_letter_spacing__hover_enabled=&#8220;off&#8220; button_two_letter_spacing__hover_enabled=&#8220;off&#8220; button_bg_color__hover_enabled=&#8220;off&#8220; button_one_bg_color__hover_enabled=&#8220;off&#8220; button_two_bg_color__hover_enabled=&#8220;off&#8220; theme_builder_area=&#8220;post_content&#8220;][\/et_pb_contact_field][et_pb_contact_field field_id=&#8220;Subject&#8220; field_title=&#8220;*THEMA W\u00c4HLEN&#8220; field_type=&#8220;select&#8220; select_options=&#8220;%91{%22value%22:%22NEWSLETTER ABONNIEREN%22,%22checked%22:0,%22dragID%22:-1},{%22value%22:%22ALLGEMEINE INFORMATION%22,%22checked%22:0,%22dragID%22:0},{%22value%22:%22KUNSTWERK%22,%22checked%22:0,%22dragID%22:1},{%22value%22:%22ZUSAMMENARBEIT%22,%22checked%22:0,%22dragID%22:2}%93&#8243; fullwidth_field=&#8220;on&#8220; _builder_version=&#8220;4.16&#8243; form_field_background_color=&#8220;#87cefa&#8220; form_field_text_color=&#8220;#ffffff&#8220; form_field_focus_background_color=&#8220;rgba(135,206,250,0.65)&#8220; form_field_focus_text_color=&#8220;#000000&#8243; form_field_font=&#8220;|700|||||||&#8220; form_field_text_align=&#8220;left&#8220; form_field_font_size=&#8220;13px&#8220; form_field_letter_spacing=&#8220;1px&#8220; text_orientation=&#8220;left&#8220; max_width=&#8220;100%&#8220; global_colors_info=&#8220;{}&#8220; button_text_size__hover_enabled=&#8220;off&#8220; button_one_text_size__hover_enabled=&#8220;off&#8220; button_two_text_size__hover_enabled=&#8220;off&#8220; button_text_color__hover_enabled=&#8220;off&#8220; button_one_text_color__hover_enabled=&#8220;off&#8220; button_two_text_color__hover_enabled=&#8220;off&#8220; button_border_width__hover_enabled=&#8220;off&#8220; button_one_border_width__hover_enabled=&#8220;off&#8220; button_two_border_width__hover_enabled=&#8220;off&#8220; button_border_color__hover_enabled=&#8220;off&#8220; button_one_border_color__hover_enabled=&#8220;off&#8220; button_two_border_color__hover_enabled=&#8220;off&#8220; button_border_radius__hover_enabled=&#8220;off&#8220; button_one_border_radius__hover_enabled=&#8220;off&#8220; button_two_border_radius__hover_enabled=&#8220;off&#8220; button_letter_spacing__hover_enabled=&#8220;off&#8220; button_one_letter_spacing__hover_enabled=&#8220;off&#8220; button_two_letter_spacing__hover_enabled=&#8220;off&#8220; button_bg_color__hover_enabled=&#8220;off&#8220; button_one_bg_color__hover_enabled=&#8220;off&#8220; button_two_bg_color__hover_enabled=&#8220;off&#8220; theme_builder_area=&#8220;post_content&#8220;][\/et_pb_contact_field][et_pb_contact_field field_id=&#8220;Message&#8220; field_title=&#8220;*MITTEILUNG&#8220; field_type=&#8220;text&#8220; fullwidth_field=&#8220;on&#8220; _builder_version=&#8220;4.16&#8243; form_field_background_color=&#8220;#87cefa&#8220; form_field_text_color=&#8220;#ffffff&#8220; form_field_focus_background_color=&#8220;rgba(135,206,250,0.65)&#8220; form_field_focus_text_color=&#8220;#000000&#8243; form_field_font=&#8220;|700|||||||&#8220; form_field_text_align=&#8220;left&#8220; form_field_font_size=&#8220;13px&#8220; form_field_letter_spacing=&#8220;1px&#8220; text_orientation=&#8220;left&#8220; max_width=&#8220;100%&#8220; global_colors_info=&#8220;{}&#8220; button_text_size__hover_enabled=&#8220;off&#8220; button_one_text_size__hover_enabled=&#8220;off&#8220; button_two_text_size__hover_enabled=&#8220;off&#8220; button_text_color__hover_enabled=&#8220;off&#8220; button_one_text_color__hover_enabled=&#8220;off&#8220; button_two_text_color__hover_enabled=&#8220;off&#8220; button_border_width__hover_enabled=&#8220;off&#8220; button_one_border_width__hover_enabled=&#8220;off&#8220; button_two_border_width__hover_enabled=&#8220;off&#8220; button_border_color__hover_enabled=&#8220;off&#8220; button_one_border_color__hover_enabled=&#8220;off&#8220; button_two_border_color__hover_enabled=&#8220;off&#8220; button_border_radius__hover_enabled=&#8220;off&#8220; button_one_border_radius__hover_enabled=&#8220;off&#8220; button_two_border_radius__hover_enabled=&#8220;off&#8220; button_letter_spacing__hover_enabled=&#8220;off&#8220; button_one_letter_spacing__hover_enabled=&#8220;off&#8220; button_two_letter_spacing__hover_enabled=&#8220;off&#8220; button_bg_color__hover_enabled=&#8220;off&#8220; button_one_bg_color__hover_enabled=&#8220;off&#8220; button_two_bg_color__hover_enabled=&#8220;off&#8220; theme_builder_area=&#8220;post_content&#8220;][\/et_pb_contact_field][et_pb_contact_field field_id=&#8220;Privacy&#8220; field_title=&#8220;*Ich akzeptiere die Datenschutzerkl\u00e4rung der Galerie aquabitart&#8220; field_type=&#8220;radio&#8220; radio_options=&#8220;%91{%22value%22:%22privacy policy%22,%22checked%22:0,%22dragID%22:-1,%22link_url%22:%22https:\/\/art.aquabit.com\/art\/privacy-policy\/%22,%22link_text%22:%22%22}%93&#8243; fullwidth_field=&#8220;on&#8220; _builder_version=&#8220;4.16&#8243; form_field_background_color=&#8220;#87cefa&#8220; form_field_text_color=&#8220;#000000&#8243; form_field_focus_background_color=&#8220;rgba(135,206,250,0.65)&#8220; form_field_focus_text_color=&#8220;#000000&#8243; form_field_font=&#8220;|700||on|||||&#8220; form_field_text_align=&#8220;left&#8220; form_field_font_size=&#8220;13px&#8220; form_field_letter_spacing=&#8220;1px&#8220; background_color=&#8220;rgba(0,0,0,0)&#8220; background_enable_color=&#8220;on&#8220; text_orientation=&#8220;left&#8220; max_width=&#8220;50%&#8220; global_colors_info=&#8220;{}&#8220; form_field_focus_background_color__hover_enabled=&#8220;off|desktop&#8220; theme_builder_area=&#8220;post_content&#8220;][\/et_pb_contact_field][\/et_pb_contact_form][\/et_pb_column][\/et_pb_row][et_pb_row column_structure=&#8220;1_2,1_2&#8243; module_class=&#8220;  et_pb_row_fullwidth&#8220; _builder_version=&#8220;4.16&#8243; width=&#8220;90%&#8220; max_width=&#8220;2560px&#8220; module_alignment=&#8220;center&#8220; custom_margin=&#8220;0px|0px|0px|0px|true|true&#8220; custom_padding=&#8220;40px|0px|0px|0px|false|true&#8220; locked=&#8220;off&#8220; global_colors_info=&#8220;{}&#8220; theme_builder_area=&#8220;post_content&#8220;][et_pb_column type=&#8220;1_2&#8243; _builder_version=&#8220;4.16&#8243; global_colors_info=&#8220;{}&#8220; theme_builder_area=&#8220;post_content&#8220;][et_pb_text admin_label=&#8220;impressum&#8220; _builder_version=&#8220;4.16&#8243; header_font_size=&#8220;20px&#8220; min_height=&#8220;9px&#8220; custom_margin=&#8220;||-4px|||&#8220; custom_padding=&#8220;11px||0px|||&#8220; global_colors_info=&#8220;{}&#8220; theme_builder_area=&#8220;post_content&#8220;]                  <\/p>\n<h1>impressum<\/h1>\n<p>[\/et_pb_text][et_pb_text _builder_version=&#8220;4.27.2&#8243; text_font=&#8220;|600|||||||&#8220; header_font_size=&#8220;13px&#8220; min_height=&#8220;9px&#8220; custom_margin=&#8220;||-4px|||&#8220; custom_padding=&#8220;0px||12px|||&#8220; hover_enabled=&#8220;0&#8243; custom_css_main_element=&#8220;     padding-left: 0px;||    padding-right: 0px;||    padding-bottom: 10px;&#8220; global_colors_info=&#8220;{}&#8220; theme_builder_area=&#8220;post_content&#8220; sticky_enabled=&#8220;0&#8243;]<\/p>\n<div class=\"et_pb_section et_pb_section_0 et_section_regular\">\n<p>F\u00fcr die Richtigkeit der in dieser Webseite enthaltenen Angaben k\u00f6nnen wir trotz sorgf\u00e4ltiger Pr\u00fcfung keine Gew\u00e4hr \u00fcbernehmen.<br \/>Wir \u00fcbernehmen ausdr\u00fccklich keine Haftung f\u00fcr alle Inhalte anderer verlinkten\/verkn\u00fcpften Websites.<\/p>\n<p>Irina Ilieva<br \/>aquabitArt Galerie<br \/>Auguststrasse 35<br \/>10119 Berlin<br \/>Deutschland<\/p>\n<p>Tel.: +493026036477<br \/>E-Mail: art@aquabit.com<\/p>\n<p>Umsatzsteuer-Identifikationsnummer: DE190824107<\/p>\n<p>Plattform der EU-Kommission zur Online-Streitbeilegung: <a href=\"https:\/\/ec.europa.eu\/odr\" target=\"_blank\" rel=\"noopener\" title=\"https:\/\/ec.europa.eu\/odr\">https:\/\/ec.europa.eu\/odr<\/a><\/p>\n<p>Wir sind zur Teilnahme an einem Streitbeilegungsverfahren vor einer Verbraucherschlichtungsstelle weder verpflichtet noch bereit.<\/p>\n<p>Webdesign: aquabit.com<\/p>\n<\/div>\n<p>[\/et_pb_text][\/et_pb_column][et_pb_column type=&#8220;1_2&#8243; _builder_version=&#8220;4.16&#8243; global_colors_info=&#8220;{}&#8220; theme_builder_area=&#8220;post_content&#8220;][\/et_pb_column][\/et_pb_row][\/et_pb_section]<\/p>\n","protected":false},"excerpt":{"rendered":"<p>Kontakt aquabitArt Galerieby Irina IlievaAuguststrasse 35, 10119 Berlintel: +49(0)30 260 364 77email: art(at)aquabit.cominternet: www.art.aquabit.com Abonnieren Sie unseren Newsletter: newsletter(at)art.aquabit.com \u203a UNSERE DATENSCHUTZERKL\u00c4RUNG Schreiben Sie uns!*Bitte ausf\u00fcllen impressum F\u00fcr die Richtigkeit der in dieser Webseite enthaltenen Angaben k\u00f6nnen wir trotz sorgf\u00e4ltiger Pr\u00fcfung keine Gew\u00e4hr \u00fcbernehmen.Wir \u00fcbernehmen ausdr\u00fccklich keine Haftung f\u00fcr alle Inhalte anderer verlinkten\/verkn\u00fcpften Websites. Irina [&hellip;]<\/p>\n","protected":false},"author":1,"featured_media":0,"parent":0,"menu_order":0,"comment_status":"closed","ping_status":"closed","template":"","meta":{"_et_pb_use_builder":"on","_et_pb_old_content":"","_et_gb_content_width":"","footnotes":""},"class_list":["post-7449","page","type-page","status-publish","hentry"],"aioseo_notices":[],"_links":{"self":[{"href":"https:\/\/art.aquabit.com\/de\/wp-json\/wp\/v2\/pages\/7449","targetHints":{"allow":["GET"]}}],"collection":[{"href":"https:\/\/art.aquabit.com\/de\/wp-json\/wp\/v2\/pages"}],"about":[{"href":"https:\/\/art.aquabit.com\/de\/wp-json\/wp\/v2\/types\/page"}],"author":[{"embeddable":true,"href":"https:\/\/art.aquabit.com\/de\/wp-json\/wp\/v2\/users\/1"}],"replies":[{"embeddable":true,"href":"https:\/\/art.aquabit.com\/de\/wp-json\/wp\/v2\/comments?post=7449"}],"version-history":[{"count":0,"href":"https:\/\/art.aquabit.com\/de\/wp-json\/wp\/v2\/pages\/7449\/revisions"}],"wp:attachment":[{"href":"https:\/\/art.aquabit.com\/de\/wp-json\/wp\/v2\/media?parent=7449"}],"curies":[{"name":"wp","href":"https:\/\/api.w.org\/{rel}","templated":true}]}}