{"id":7862,"date":"2020-05-11T17:00:32","date_gmt":"2020-05-11T15:00:32","guid":{"rendered":"http:\/\/art.aquabit.com\/art\/?page_id=7862"},"modified":"2020-07-07T12:15:47","modified_gmt":"2020-07-07T10:15:47","slug":"sebastian-haeger","status":"publish","type":"page","link":"https:\/\/art.aquabit.com\/de\/kuenstler\/sebastian-haeger\/","title":{"rendered":"Sebastian H\u00e4ger"},"content":{"rendered":"<p>[et_pb_section fb_built=&#8220;1&#8243; admin_label=&#8220;Section+Menu+Art orientation&#8220; _builder_version=&#8220;4.4.3&#8243; custom_margin=&#8220;0px||0px||false|false&#8220; custom_padding=&#8220;0px||0px||false|false&#8220; locked=&#8220;off&#8220; collapsed=&#8220;off&#8220; da_is_popup=&#8220;off&#8220; da_exit_intent=&#8220;off&#8220; da_has_close=&#8220;on&#8220; da_alt_close=&#8220;off&#8220; da_dark_close=&#8220;off&#8220; da_not_modal=&#8220;on&#8220; da_is_singular=&#8220;off&#8220; da_with_loader=&#8220;off&#8220; da_has_shadow=&#8220;on&#8220; da_disable_devices=&#8220;off|off|off&#8220;][et_pb_row use_custom_gutter=&#8220;on&#8220; gutter_width=&#8220;1&#8243; module_class=&#8220;  et_pb_row_fullwidth&#8220; _builder_version=&#8220;4.4.3&#8243; width=&#8220;90%&#8220; max_width=&#8220;2560px&#8220; module_alignment=&#8220;center&#8220; custom_margin=&#8220;0px|0px|0px|0px|true|true&#8220; custom_padding=&#8220;0px|0px|0px|0px|false|true&#8220; locked=&#8220;off&#8220;][et_pb_column type=&#8220;4_4&#8243; _builder_version=&#8220;4.4.3&#8243; custom_padding=&#8220;0px|0px|0px|0px|false|false&#8220; border_color_all=&#8220;#7cda24&#8243;][et_pb_sidebar area=&#8220;et_pb_widget_area_13&#8243; disabled_on=&#8220;off|off|off&#8220; admin_label=&#8220;Sidebar with Widget + Menu Artists&#8220; module_id=&#8220;MenuPast&#8220; _builder_version=&#8220;4.4.3&#8243; header_letter_spacing=&#8220;1px&#8220; body_text_align=&#8220;left&#8220; text_orientation=&#8220;left&#8220; module_alignment=&#8220;left&#8220; custom_margin=&#8220;10px||0px||false|false&#8220; custom_padding=&#8220;0px||0px||false|false&#8220; text_orientation_tablet=&#8220;&#8220; text_orientation_phone=&#8220;&#8220; text_orientation_last_edited=&#8220;on|phone&#8220; module_alignment_tablet=&#8220;&#8220; module_alignment_phone=&#8220;center&#8220; module_alignment_last_edited=&#8220;on|desktop&#8220;][\/et_pb_sidebar][\/et_pb_column][\/et_pb_row][et_pb_row module_class=&#8220;  et_pb_row_fullwidth&#8220; _builder_version=&#8220;4.4.3&#8243; width=&#8220;90%&#8220; max_width=&#8220;2560px&#8220; module_alignment=&#8220;center&#8220; custom_margin=&#8220;-1px|0px|-1px|0px|true|true&#8220; custom_padding=&#8220;13px|0px|0px|0px|false|true&#8220; locked=&#8220;off&#8220;][et_pb_column type=&#8220;4_4&#8243; _builder_version=&#8220;4.1&#8243;][et_pb_text admin_label=&#8220;Sebastian H\u00e4ger&#8220; _builder_version=&#8220;4.4.3&#8243; header_font_size=&#8220;20px&#8220; min_height=&#8220;9px&#8220; custom_margin=&#8220;||-4px||false|false&#8220; custom_padding=&#8220;11px||0px||false|false&#8220;]                  <\/p>\n<h1>\n                    <span class=\"schrift2\">Sebastian H\u00e4ger (DE)<\/span><br \/>\n                  <\/h1>\n<p>[\/et_pb_text][\/et_pb_column][\/et_pb_row][et_pb_row module_class=&#8220;  et_pb_row_fullwidth&#8220; _builder_version=&#8220;4.4.3&#8243; width=&#8220;90%&#8220; max_width=&#8220;2560px&#8220; module_alignment=&#8220;center&#8220; custom_margin=&#8220;0px|0px|0px|0px|true|true&#8220; custom_padding=&#8220;0px|0px|0px|0px|false|true&#8220; locked=&#8220;off&#8220;][et_pb_column type=&#8220;4_4&#8243; _builder_version=&#8220;4.1&#8243;][et_pb_text admin_label=&#8220;Art orientation&#8220; _builder_version=&#8220;4.4.3&#8243; header_font_size=&#8220;13px&#8220; min_height=&#8220;9px&#8220; custom_margin=&#8220;||-4px||false|false&#8220; custom_padding=&#8220;0px||20px||false|true&#8220;]                  <\/p>\n<h1>Lichtcollagen<\/h1>\n<p>[\/et_pb_text][\/et_pb_column][\/et_pb_row][\/et_pb_section][et_pb_section fb_built=&#8220;1&#8243; admin_label=&#8220;Section MAIN&#8220; _builder_version=&#8220;4.4.3&#8243; width=&#8220;100%&#8220; max_width=&#8220;100%&#8220; module_alignment=&#8220;center&#8220; min_height=&#8220;350px&#8220; min_height_tablet=&#8220;&#8220; min_height_phone=&#8220;&#8220; min_height_last_edited=&#8220;on|desktop&#8220; custom_margin=&#8220;0px||||false|false&#8220; custom_padding=&#8220;0px|||||&#8220; border_color_all=&#8220;#0c71c3&#8243; da_is_popup=&#8220;off&#8220; da_exit_intent=&#8220;off&#8220; da_has_close=&#8220;on&#8220; da_alt_close=&#8220;off&#8220; da_dark_close=&#8220;off&#8220; da_not_modal=&#8220;on&#8220; da_is_singular=&#8220;off&#8220; da_with_loader=&#8220;off&#8220; da_has_shadow=&#8220;on&#8220; da_disable_devices=&#8220;off|off|off&#8220;][et_pb_row column_structure=&#8220;1_2,1_2&#8243; use_custom_gutter=&#8220;on&#8220; make_equal=&#8220;on&#8220; admin_label=&#8220;Row Artist Information&#8220; _builder_version=&#8220;4.2.1&#8243; width=&#8220;90%&#8220; max_width=&#8220;90%&#8220; max_width_tablet=&#8220;&#8220; max_width_phone=&#8220;&#8220; max_width_last_edited=&#8220;on|desktop&#8220; module_alignment=&#8220;center&#8220; min_height=&#8220;350px&#8220; min_height_tablet=&#8220;&#8220; min_height_phone=&#8220;&#8220; min_height_last_edited=&#8220;on|desktop&#8220; custom_margin=&#8220;0px|0px|0px|0px|true|true&#8220; custom_padding=&#8220;0px|0px|0px|0px|true|true&#8220;][et_pb_column type=&#8220;1_2&#8243; _builder_version=&#8220;4.2.1&#8243; custom_padding=&#8220;0px|0px|0px|0px|false|false&#8220;][et_pb_gallery gallery_ids=&#8220;9397,9401,9405,6129,6128,6127,6132,6133,6131,6130,6125,6122,6121,6120,6123,6124,6143,6119&#8243; fullwidth=&#8220;on&#8220; db_image_max_width=&#8220;100%&#8220; db_image_max_height=&#8220;100%&#8220; db_image_max_height_tablet=&#8220;114%&#8220; db_image_row_spacing=&#8220;1&#8243; db_image_object_fit=&#8220;none&#8220; hover_icon=&#8220;%%5%%&#8220; admin_label=&#8220;Gallery Project Images 795&#215;448&#8243; _builder_version=&#8220;4.4.3&#8243; title_font=&#8220;|||on|&#8220; title_text_color=&#8220;#ffffff&#8220; title_font_size=&#8220;14&#8243; caption_text_align=&#8220;left&#8220; background_layout=&#8220;dark&#8220; width=&#8220;100%&#8220; max_width=&#8220;100%&#8220; max_width_tablet=&#8220;100%&#8220; max_width_phone=&#8220;&#8220; max_width_last_edited=&#8220;on|tablet&#8220; module_alignment=&#8220;center&#8220; min_height=&#8220;100%&#8220; height=&#8220;100%&#8220; max_height=&#8220;100%&#8220; custom_margin=&#8220;0px|0px|0px|0px|false|false&#8220; custom_padding=&#8220;0px|0px|0px|0px|false|false&#8220; auto=&#8220;on&#8220; auto_speed=&#8220;3000&#8243; hover_enabled=&#8220;0&#8243; db_image_max_width_last_edited=&#8220;on|desktop&#8220; db_image_max_height_last_edited=&#8220;on|desktop&#8220;][\/et_pb_gallery][\/et_pb_column][et_pb_column type=&#8220;1_2&#8243; _builder_version=&#8220;4.2.1&#8243; custom_padding=&#8220;0px|0px|0px|0px|false|false&#8220;][et_pb_button button_url=&#8220;http:\/\/art.aquabit.com\/de\/kontakt\/&#8220; button_text=&#8220;KONTAKT&#8220; button_alignment=&#8220;left&#8220; admin_label=&#8220;KONTAKT 200512&#8243; _builder_version=&#8220;4.4.3&#8243; custom_button=&#8220;on&#8220; button_text_size=&#8220;13px&#8220; button_text_color=&#8220;#000000&#8243; button_bg_color=&#8220;#ffffff&#8220; button_border_width=&#8220;10px&#8220; button_border_color=&#8220;#87cefa&#8220; button_border_radius=&#8220;80&#8243; button_letter_spacing=&#8220;1px&#8220; button_font=&#8220;|800|||||||&#8220; button_use_icon=&#8220;off&#8220; custom_margin=&#8220;0px||||false|false&#8220; button_text_color_hover=&#8220;#666666&#8243; button_border_color_hover=&#8220;#87cefa&#8220; button_border_radius_hover=&#8220;0&#8243; global_module=&#8220;7974&#8243; saved_tabs=&#8220;all&#8220; locked=&#8220;off&#8220; button_text_size__hover_enabled=&#8220;off&#8220; button_one_text_size__hover_enabled=&#8220;off&#8220; button_two_text_size__hover_enabled=&#8220;off&#8220; button_text_color__hover_enabled=&#8220;on|desktop&#8220; button_text_color__hover=&#8220;#87cefa&#8220; button_one_text_color__hover_enabled=&#8220;off&#8220; button_two_text_color__hover_enabled=&#8220;off&#8220; button_border_width__hover_enabled=&#8220;off&#8220; button_one_border_width__hover_enabled=&#8220;off&#8220; button_two_border_width__hover_enabled=&#8220;off&#8220; button_border_color__hover_enabled=&#8220;on|desktop&#8220; button_border_color__hover=&#8220;#87cefa&#8220; button_one_border_color__hover_enabled=&#8220;off&#8220; button_two_border_color__hover_enabled=&#8220;off&#8220; button_border_radius__hover_enabled=&#8220;on|desktop&#8220; button_border_radius__hover=&#8220;0&#8243; button_one_border_radius__hover_enabled=&#8220;off&#8220; button_two_border_radius__hover_enabled=&#8220;off&#8220; button_letter_spacing__hover_enabled=&#8220;off&#8220; button_one_letter_spacing__hover_enabled=&#8220;off&#8220; button_two_letter_spacing__hover_enabled=&#8220;off&#8220; button_bg_color__hover_enabled=&#8220;off&#8220; button_one_bg_color__hover_enabled=&#8220;off&#8220; button_two_bg_color__hover_enabled=&#8220;off&#8220;][\/et_pb_button][et_pb_text admin_label=&#8220;Works available at&#8220; _builder_version=&#8220;4.4.3&#8243; text_font=&#8220;|600||on|||||&#8220; header_font_size=&#8220;13px&#8220; width=&#8220;100%&#8220; min_height=&#8220;9px&#8220; custom_margin=&#8220;||-4px|||&#8220; custom_padding=&#8220;21px||7px|||&#8220; custom_css_main_element=&#8220;     padding-left: 0px;||    padding-right: 0px;||    padding-bottom: 10px;&#8220; header_text_color__hover_enabled=&#8220;on|hover&#8220; header_text_color__hover=&#8220;#87cefa&#8220;]<\/p>\n<h4><a href=\"https:\/\/www.artland.com\/artists\/sebastian-hager\" target=\"_blank\" rel=\"noopener noreferrer\" title=\"https:\/\/www.artland.com\/artists\/sebastian-hager\">Werke verf\u00fcgbar bei<\/a><\/h4>\n<p>[\/et_pb_text][et_pb_image src=&#8220;http:\/\/art.aquabit.com\/wp-content\/uploads\/2020\/01\/Logo-Artland-2.jpg&#8220; url=&#8220;https:\/\/www.artland.com\/artists\/sebastian-hager&#8220; url_new_window=&#8220;on&#8220; _builder_version=&#8220;4.4.3&#8243; background_enable_image=&#8220;off&#8220; custom_margin=&#8220;||0px|||&#8220; custom_padding=&#8220;1px|||||&#8220; src__hover_enabled=&#8220;on|desktop&#8220;][\/et_pb_image][\/et_pb_column][\/et_pb_row][\/et_pb_section][et_pb_section fb_built=&#8220;1&#8243; admin_label=&#8220;Section MAIN&#8220; _builder_version=&#8220;4.1&#8243; min_height=&#8220;274px&#8220; da_is_popup=&#8220;off&#8220; da_exit_intent=&#8220;off&#8220; da_has_close=&#8220;on&#8220; da_alt_close=&#8220;off&#8220; da_dark_close=&#8220;off&#8220; da_not_modal=&#8220;on&#8220; da_is_singular=&#8220;off&#8220; da_with_loader=&#8220;off&#8220; da_has_shadow=&#8220;on&#8220; da_disable_devices=&#8220;off|off|off&#8220;][et_pb_row _builder_version=&#8220;4.2.1&#8243;][et_pb_column type=&#8220;4_4&#8243; _builder_version=&#8220;4.2.1&#8243;][et_pb_text _builder_version=&#8220;4.2.1&#8243; custom_margin=&#8220;||-56px|||&#8220; custom_padding=&#8220;0px||0px|||&#8220;]<\/p>\n<blockquote>\n<p><span class=\"tlid-translation translation\" lang=\"en\"><span title=\"\" class=\"\">&#8222;F\u00fcr diese Welt aus fl\u00fcssigen, autopoietischen Texturlandschaften ist die Bewegung ein elementarer Bestandteil. Ich habe eine Weise gefunden, die Zeit kurz anzuhalten und diese verspielte Welt, die sich dahinter verbirgt, abzubilden.&#8220;<\/span><br \/> <\/span><\/p>\n<p><span class=\"tlid-translation translation\" lang=\"en\"><span title=\"\" class=\"\">Sebastian H\u00e4ger, 2017<\/span><br \/> <\/span><\/p>\n<\/blockquote>\n<p>[\/et_pb_text][\/et_pb_column][\/et_pb_row][et_pb_row _builder_version=&#8220;4.1&#8243; width=&#8220;90%&#8220; max_width=&#8220;2560px&#8220; module_alignment=&#8220;center&#8220; custom_margin=&#8220;0px|0px|0px|0px|true|true&#8220; custom_padding=&#8220;45px|0px|0px|0px|false|true&#8220;][et_pb_column type=&#8220;4_4&#8243; _builder_version=&#8220;4.1&#8243;][et_pb_toggle title=&#8220;K\u00fcnstlerische Position&#8220; open=&#8220;on&#8220; open_toggle_text_color=&#8220;#000000&#8243; open_toggle_background_color=&#8220;rgba(255,255,255,0.19)&#8220; closed_toggle_text_color=&#8220;#ffffff&#8220; icon_color=&#8220;#ffffff&#8220; use_icon_font_size=&#8220;on&#8220; icon_font_size=&#8220;20px&#8220; admin_label=&#8220;Artistic Position&#8220; _builder_version=&#8220;4.2.1&#8243; title_text_color=&#8220;#ffffff&#8220; title_level=&#8220;h4&#8243; title_font=&#8220;|||on|||||&#8220; title_text_align=&#8220;left&#8220; title_font_size=&#8220;20px&#8220; title_letter_spacing=&#8220;1px&#8220; closed_title_font=&#8220;|||on|||||&#8220; closed_title_text_align=&#8220;left&#8220; closed_title_font_size=&#8220;13px&#8220; closed_title_letter_spacing=&#8220;1px&#8220; body_font=&#8220;||||||||&#8220; body_text_color=&#8220;#000000&#8243; body_font_size=&#8220;13px&#8220; body_letter_spacing=&#8220;1px&#8220; background_color=&#8220;#87cefa&#8220; text_orientation=&#8220;left&#8220; min_height=&#8220;35px&#8220; custom_margin=&#8220;10px|0px|10px|0px|true|false&#8220; custom_padding=&#8220;10px|10px|10px|10px|false|false&#8220; animation_style=&#8220;fade&#8220; border_width_all=&#8220;0px&#8220; border_color_all=&#8220;#87cefa&#8220; open_toggle_text_color__hover_enabled=&#8220;on|desktop&#8220; title_text_color__hover_enabled=&#8220;on|desktop&#8220; background_color__hover=&#8220;#87cefa&#8220; background_enable_color__hover=&#8220;on&#8220; title_text_color__hover=&#8220;#000000&#8243; icon_color__hover_enabled=&#8220;on|desktop&#8220; icon_color__hover=&#8220;#000000&#8243; border_width_all__hover_enabled=&#8220;off|hover&#8220; title_font_size__hover_enabled=&#8220;off|desktop&#8220; closed_toggle_text_color__hover=&#8220;#000000&#8243; closed_toggle_text_color__hover_enabled=&#8220;on|desktop&#8220; background__hover_enabled=&#8220;on|desktop&#8220;]                  <\/p>\n<p>Durch das Sampling und Schichten verschiedener Bildquellen funktionieren <strong>Sebastian H\u00e4gers<\/strong> <strong>analog<\/strong> entwickelten Arbeiten \u00e4hnlich <strong>Hypertexten<\/strong>.<br \/> Bildelemente gehen Verbindungen ein, sie verweisen auf etwas, das einen erweiterten Bezugsrahmen und die Vorstellung eines dritten Raumes schafft. Es entsteht ein eigent\u00fcmliches <strong>Schweben<\/strong> zwischen den logisch rekonstruierbaren Ursprungskontexten.<\/p>\n<p>H\u00e4gers Arbeiten erzeugen einen <strong>Wirbel<\/strong>, dessen Sog das Bewusstsein der Betrachter_innen verschluckt und gleichzeitig eine unendliche Reihe an <strong>Reflexionen<\/strong> wieder aufwirbelt.<\/p>\n<p> In ihrer Schichtung visualisieren seine Arbeiten nicht nur den endlosen, leeren Raum der Perspektive oder die Leere des nicht markierten Raumes beziehungsweise die Leere oder das Chaos des Potentials, aus dem heraus Bilder entstehen &#8211; sie versuchen, <strong>die Beziehung zwischen Realit\u00e4t und Illusion zu verwischen.<\/strong><\/p>\n<p>[\/et_pb_toggle][et_pb_toggle title=&#8220;Ausstellungen in aquabitArt&#8220; open_toggle_text_color=&#8220;#000000&#8243; open_toggle_background_color=&#8220;rgba(255,255,255,0.19)&#8220; closed_toggle_text_color=&#8220;#ffffff&#8220; icon_color=&#8220;#ffffff&#8220; use_icon_font_size=&#8220;on&#8220; icon_font_size=&#8220;20px&#8220; admin_label=&#8220;Ausstellungen in aquabitArt&#8220; _builder_version=&#8220;4.4.3&#8243; title_text_color=&#8220;#ffffff&#8220; title_level=&#8220;h4&#8243; title_font=&#8220;|||on|||||&#8220; title_text_align=&#8220;left&#8220; title_font_size=&#8220;20px&#8220; title_letter_spacing=&#8220;1px&#8220; closed_title_font=&#8220;|||on|||||&#8220; closed_title_text_align=&#8220;left&#8220; closed_title_font_size=&#8220;13px&#8220; closed_title_letter_spacing=&#8220;1px&#8220; body_font=&#8220;||||||||&#8220; body_text_color=&#8220;#000000&#8243; body_font_size=&#8220;13px&#8220; body_letter_spacing=&#8220;1px&#8220; background_color=&#8220;#87cefa&#8220; text_orientation=&#8220;left&#8220; min_height=&#8220;35px&#8220; custom_margin=&#8220;10px|0px|10px|0px|true|false&#8220; custom_padding=&#8220;10px|10px|10px|10px|false|false&#8220; animation_style=&#8220;fade&#8220; hover_enabled=&#8220;0&#8243; border_width_all=&#8220;0px&#8220; border_color_all=&#8220;#87cefa&#8220; open_toggle_text_color__hover_enabled=&#8220;on|desktop&#8220; title_text_color__hover_enabled=&#8220;on|desktop&#8220; background_color__hover=&#8220;#87cefa&#8220; background_enable_color__hover=&#8220;on&#8220; title_text_color__hover=&#8220;#000000&#8243; icon_color__hover_enabled=&#8220;on|desktop&#8220; icon_color__hover=&#8220;#000000&#8243; border_width_all__hover_enabled=&#8220;off|hover&#8220; title_font_size__hover_enabled=&#8220;off|desktop&#8220; closed_toggle_text_color__hover=&#8220;#000000&#8243; closed_toggle_text_color__hover_enabled=&#8220;on|desktop&#8220; background__hover_enabled=&#8220;on|desktop&#8220;]<\/p>\n<p>2020 <span style=\"color: #000000;\" color=\"#000000\"><a href=\"http:\/\/art.aquabit.com\/project\/11-years-aquabitart-online-exhibition\/\" title=\"http:\/\/art.aquabit.com\/project\/11-years-aquabitart-online-exhibition\/\"><strong>\u203a 11 years aquabitArt in Auguststrasse 35<\/strong><\/a>,<b> <\/b>ONLINE Group exhibition<\/span><\/p>\n<p>2019 <strong>Watchin\u00b4 Windows<\/strong>, Einzel-Ausstellung, aquabitArt Galerie Berlin<\/p>\n<p>2017 SummerExhibition #2 \/ <strong>Dancing in the Smoke<\/strong>, Einzel-Ausstellung, aquabitArt Galerie Berlin<\/p>\n<p>2008 <strong>kunstSPEZIALIT\u00c4TEN<\/strong>, Gruppen-Ausstellung, aquabitArt gallery, Linienstrasse Berlin<\/p>\n<p>2008 <strong>digital-analog<\/strong> \/ Sebastian H\u00e4ger und Wilfried Habrich, aquabitArt gallery, Linienstrasse Berlin<\/p>\n<p>2008 <strong>Superpositions 3<\/strong>, Einzel-Ausstellung, aquabitArt Galerie, Linienstrasse Berlin<\/p>\n<p>2006 &#8222;<strong>\u00dcberlagerungen &#8230; finden \u00fcberall statt<\/strong>&#8222;, Einzel-Ausstellung, ZMF Zurm\u00f6belfabrik Berlin<\/p>\n<p>[\/et_pb_toggle][et_pb_toggle title=&#8220;presse&#8220; open_toggle_text_color=&#8220;#000000&#8243; open_toggle_background_color=&#8220;rgba(255,255,255,0.19)&#8220; closed_toggle_text_color=&#8220;#ffffff&#8220; icon_color=&#8220;#ffffff&#8220; use_icon_font_size=&#8220;on&#8220; icon_font_size=&#8220;20px&#8220; admin_label=&#8220;Press&#8220; _builder_version=&#8220;4.4.3&#8243; title_text_color=&#8220;#ffffff&#8220; title_level=&#8220;h4&#8243; title_font=&#8220;|||on|||||&#8220; title_text_align=&#8220;left&#8220; title_font_size=&#8220;20px&#8220; title_letter_spacing=&#8220;1px&#8220; closed_title_font=&#8220;|||on|||||&#8220; closed_title_text_align=&#8220;left&#8220; closed_title_font_size=&#8220;13px&#8220; closed_title_letter_spacing=&#8220;1px&#8220; body_font=&#8220;||||||||&#8220; body_text_color=&#8220;#000000&#8243; body_font_size=&#8220;13px&#8220; body_letter_spacing=&#8220;1px&#8220; background_color=&#8220;#87cefa&#8220; text_orientation=&#8220;left&#8220; min_height=&#8220;35px&#8220; custom_margin=&#8220;10px|0px|10px|0px|true|false&#8220; custom_padding=&#8220;10px|10px|10px|10px|false|false&#8220; animation_style=&#8220;fade&#8220; border_width_all=&#8220;0px&#8220; border_color_all=&#8220;#87cefa&#8220; open_toggle_text_color__hover_enabled=&#8220;on|desktop&#8220; title_text_color__hover_enabled=&#8220;on|desktop&#8220; background_color__hover=&#8220;#87cefa&#8220; background_enable_color__hover=&#8220;on&#8220; title_text_color__hover=&#8220;#000000&#8243; icon_color__hover_enabled=&#8220;on|desktop&#8220; icon_color__hover=&#8220;#000000&#8243; border_width_all__hover_enabled=&#8220;off|hover&#8220; title_font_size__hover_enabled=&#8220;off|desktop&#8220; closed_toggle_text_color__hover_enabled=&#8220;on|desktop&#8220; closed_toggle_text_color__hover=&#8220;#000000&#8243; background__hover_enabled=&#8220;on|desktop&#8220;]<\/p>\n<p><a href=\"http:\/\/art.aquabit.com\/wp-content\/uploads\/2020\/02\/2019_Watchin-Windows-Pressemitteilung_Nov-DE.pdf\" target=\"_blank\" rel=\"noopener noreferrer\" title=\"http:\/\/art.aquabit.com\/wp-content\/uploads\/2020\/02\/2019_Watchin-Windows-Pressemitteilung_Nov-DE.pdf\">\u203a 2019 Pressemitteilung \/ WATCHIN&#8216; WINDOWS<\/a><\/p>\n<p><a href=\"http:\/\/art.aquabit.com\/wp-content\/uploads\/2020\/02\/2017-Pressemitteilung-Dancing-in-the-Smoke-Sebastian-Haeger-DE.pdf\" target=\"_blank\" rel=\"noopener noreferrer\" title=\"http:\/\/art.aquabit.com\/wp-content\/uploads\/2020\/02\/2017-Pressemitteilung-Dancing-in-the-Smoke-Sebastian-Haeger-DE.pdf\">\u203a 2017 Pressemitteilung \/ DANCING IN THE SMOKE<\/a><\/p>\n<p><a href=\"http:\/\/art.aquabit.com\/wp-content\/uploads\/2020\/02\/2017-Flyer-Dancing-in-the-Smoke-Sebastian-Haeger-aquabitArt.jpg\" target=\"_blank\" rel=\"noopener noreferrer\" title=\"http:\/\/art.aquabit.com\/wp-content\/uploads\/2020\/02\/2017-Flyer-Dancing-in-the-Smoke-Sebastian-Haeger-aquabitArt.jpg\">\u203a 2017 Flyer \/ DANCING IN THE SMOKE<\/a><\/p>\n<p><a href=\"-\" target=\"_blank\" rel=\"noopener noreferrer\" title=\"-\"><\/a><\/p>\n<p>[\/et_pb_toggle][et_pb_toggle title=&#8220;bio&#8220; open_toggle_text_color=&#8220;#000000&#8243; open_toggle_background_color=&#8220;rgba(255,255,255,0.19)&#8220; closed_toggle_text_color=&#8220;#ffffff&#8220; icon_color=&#8220;#ffffff&#8220; use_icon_font_size=&#8220;on&#8220; icon_font_size=&#8220;20px&#8220; admin_label=&#8220;Bio&#8220; _builder_version=&#8220;4.2.1&#8243; title_text_color=&#8220;#ffffff&#8220; title_level=&#8220;h4&#8243; title_font=&#8220;|||on|||||&#8220; title_text_align=&#8220;left&#8220; title_font_size=&#8220;20px&#8220; title_letter_spacing=&#8220;1px&#8220; closed_title_font=&#8220;|||on|||||&#8220; closed_title_text_align=&#8220;left&#8220; closed_title_font_size=&#8220;13px&#8220; closed_title_letter_spacing=&#8220;1px&#8220; body_font=&#8220;||||||||&#8220; body_text_color=&#8220;#000000&#8243; body_font_size=&#8220;13px&#8220; body_letter_spacing=&#8220;1px&#8220; background_color=&#8220;#87cefa&#8220; text_orientation=&#8220;left&#8220; min_height=&#8220;35px&#8220; custom_margin=&#8220;10px|0px|10px|0px|true|false&#8220; custom_padding=&#8220;10px|10px|10px|10px|false|false&#8220; animation_style=&#8220;fade&#8220; border_width_all=&#8220;0px&#8220; border_color_all=&#8220;#87cefa&#8220; open_toggle_text_color__hover_enabled=&#8220;on|desktop&#8220; title_text_color__hover_enabled=&#8220;on|desktop&#8220; background_color__hover=&#8220;#87cefa&#8220; background_enable_color__hover=&#8220;on&#8220; title_text_color__hover=&#8220;#000000&#8243; icon_color__hover_enabled=&#8220;on|desktop&#8220; icon_color__hover=&#8220;#000000&#8243; border_width_all__hover_enabled=&#8220;off|hover&#8220; title_font_size__hover_enabled=&#8220;off|desktop&#8220; closed_toggle_text_color__hover=&#8220;#000000&#8243; closed_toggle_text_color__hover_enabled=&#8220;on|desktop&#8220; background__hover_enabled=&#8220;on|desktop&#8220;]                  <\/p>\n<p><strong>Sebastian H\u00e4ger<\/strong><br \/>* 1979 lebt und arbeitet in Berlin.<\/p>\n<p>Zwischen <strong>2006 und 2009<\/strong>ist er Teil eines K\u00fcnstlerkollektivs das die ehemalige Kindl-Brauerei in Neuk\u00f6lln k\u00fcnstlerisch belebte.<\/p>\n<p><strong>2015<\/strong> schlie\u00dft er seinen Master of Arts an der Universit\u00e4t der K\u00fcnste Berlin ab. Seine Arbeiten werden regelm\u00e4\u00dfig beim j\u00e4hrlich stattfindenden UdK-Rundgang gezeigt.<\/p>\n<p>Von <strong>2016 bis 2018<\/strong> arbeitet er als Assistent f\u00fcr Stadtkultur und Kunst im Stadtaum f\u00fcr den Bezirk Berlin Mitte. In dieser Zeit ist er ebenfalls Teil der k\u00fcnstlerischen Leitung des B\u00e4renzwinger Labs und Kurator mehrerer Ausstellungen.<\/p>\n<p>Er ist war der k\u00fcnstlerische Projektleiter des Jahresprogramms &#8222;Ausstellungen f\u00fcr ein spekulatives Publikum&#8220; in der galerie weisser elefant.<\/p>\n<p>Sebastian H\u00e4ger agiert an der Schnittstelle von k\u00fcnstlerischer und kuratorischer Praxis.<\/p>\n<p>[\/et_pb_toggle][\/et_pb_column][\/et_pb_row][\/et_pb_section]<\/p>\n","protected":false},"excerpt":{"rendered":"<p>Sebastian H\u00e4ger (DE) LichtcollagenWerke verf\u00fcgbar bei &#8222;F\u00fcr diese Welt aus fl\u00fcssigen, autopoietischen Texturlandschaften ist die Bewegung ein elementarer Bestandteil. Ich habe eine Weise gefunden, die Zeit kurz anzuhalten und diese verspielte Welt, die sich dahinter verbirgt, abzubilden.&#8220; Sebastian H\u00e4ger, 2017 Durch das Sampling und Schichten verschiedener Bildquellen funktionieren Sebastian H\u00e4gers analog entwickelten Arbeiten \u00e4hnlich Hypertexten. [&hellip;]<\/p>\n","protected":false},"author":1,"featured_media":7863,"parent":7459,"menu_order":0,"comment_status":"closed","ping_status":"closed","template":"","meta":{"_et_pb_use_builder":"on","_et_pb_old_content":"","_et_gb_content_width":"","footnotes":""},"class_list":["post-7862","page","type-page","status-publish","has-post-thumbnail","hentry"],"aioseo_notices":[],"_links":{"self":[{"href":"https:\/\/art.aquabit.com\/de\/wp-json\/wp\/v2\/pages\/7862","targetHints":{"allow":["GET"]}}],"collection":[{"href":"https:\/\/art.aquabit.com\/de\/wp-json\/wp\/v2\/pages"}],"about":[{"href":"https:\/\/art.aquabit.com\/de\/wp-json\/wp\/v2\/types\/page"}],"author":[{"embeddable":true,"href":"https:\/\/art.aquabit.com\/de\/wp-json\/wp\/v2\/users\/1"}],"replies":[{"embeddable":true,"href":"https:\/\/art.aquabit.com\/de\/wp-json\/wp\/v2\/comments?post=7862"}],"version-history":[{"count":0,"href":"https:\/\/art.aquabit.com\/de\/wp-json\/wp\/v2\/pages\/7862\/revisions"}],"up":[{"embeddable":true,"href":"https:\/\/art.aquabit.com\/de\/wp-json\/wp\/v2\/pages\/7459"}],"wp:featuredmedia":[{"embeddable":true,"href":"https:\/\/art.aquabit.com\/de\/wp-json\/wp\/v2\/media\/7863"}],"wp:attachment":[{"href":"https:\/\/art.aquabit.com\/de\/wp-json\/wp\/v2\/media?parent=7862"}],"curies":[{"name":"wp","href":"https:\/\/api.w.org\/{rel}","templated":true}]}}